{"id":161,"date":"2024-09-18T17:28:31","date_gmt":"2024-09-18T16:28:31","guid":{"rendered":"https:\/\/dnpsykologi.dk\/?page_id=161"},"modified":"2024-09-18T18:07:23","modified_gmt":"2024-09-18T17:07:23","slug":"terapi","status":"publish","type":"page","link":"https:\/\/dnpsykologi.dk\/?page_id=161","title":{"rendered":"Terapi"},"content":{"rendered":"\n<p>Jeg tilbyder et skr\u00e6ddersyet forl\u00f8b med udgangspunkt i teori og metoder fra kognitiv adf\u00e6rdsterapi, Acceptance and Commitment Therapy (ACT), samt skematerapi i de nedenst\u00e5ende tre former:<\/p>\n\n\n\n<ul class=\"wp-block-list\">\n<li>Individuel terapi <\/li>\n\n\n\n<li>Parterapi<\/li>\n\n\n\n<li>Gruppeterapi<\/li>\n<\/ul>\n\n\n\n<p>Det jeg kan hj\u00e6lpe med:<\/p>\n\n\n\n<ul class=\"wp-block-list\">\n<li>Arbejdsrelateret stress<\/li>\n\n\n\n<li>Angstlidelser<\/li>\n\n\n\n<li>OCD<\/li>\n\n\n\n<li>Depression<\/li>\n\n\n\n<li>Sorg og tab<\/li>\n\n\n\n<li>Livskriser<\/li>\n\n\n\n<li>Parforhold<\/li>\n\n\n\n<li>Lavt selv\u00e6rd<\/li>\n\n\n\n<li>Traumer og seksuelle overgreb<\/li>\n\n\n\n<li>Alvorlige sygdomme og kroniske lidelser (inkl. p\u00e5r\u00f8rende)<\/li>\n\n\n\n<li>Akutte traumer, ofre for vold, ulykker osv.<\/li>\n\n\n\n<li>ADHD og ADD<\/li>\n\n\n\n<li>Autismespektrumlidelser<\/li>\n\n\n\n<li>Forstyrrelser i personlighedsstruktur<\/li>\n\n\n\n<li>Alkohol- og stofmisbrug<\/li>\n<\/ul>\n\n\n\n<p><\/p>\n","protected":false},"excerpt":{"rendered":"<p>Jeg tilbyder et skr\u00e6ddersyet forl\u00f8b med udgangspunkt i teori og metoder fra kognitiv adf\u00e6rdsterapi, Acceptance and Commitment Therapy (ACT), samt skematerapi i de nedenst\u00e5ende tre former: Det jeg kan hj\u00e6lpe med:<\/p>\n","protected":false},"author":1,"featured_media":0,"parent":0,"menu_order":0,"comment_status":"closed","ping_status":"closed","template":"","meta":{"inspiro_hide_title":false,"footnotes":""},"class_list":["post-161","page","type-page","status-publish","hentry"],"_links":{"self":[{"href":"https:\/\/dnpsykologi.dk\/index.php?rest_route=\/wp\/v2\/pages\/161","targetHints":{"allow":["GET"]}}],"collection":[{"href":"https:\/\/dnpsykologi.dk\/index.php?rest_route=\/wp\/v2\/pages"}],"about":[{"href":"https:\/\/dnpsykologi.dk\/index.php?rest_route=\/wp\/v2\/types\/page"}],"author":[{"embeddable":true,"href":"https:\/\/dnpsykologi.dk\/index.php?rest_route=\/wp\/v2\/users\/1"}],"replies":[{"embeddable":true,"href":"https:\/\/dnpsykologi.dk\/index.php?rest_route=%2Fwp%2Fv2%2Fcomments&post=161"}],"version-history":[{"count":4,"href":"https:\/\/dnpsykologi.dk\/index.php?rest_route=\/wp\/v2\/pages\/161\/revisions"}],"predecessor-version":[{"id":181,"href":"https:\/\/dnpsykologi.dk\/index.php?rest_route=\/wp\/v2\/pages\/161\/revisions\/181"}],"wp:attachment":[{"href":"https:\/\/dnpsykologi.dk\/index.php?rest_route=%2Fwp%2Fv2%2Fmedia&parent=161"}],"curies":[{"name":"wp","href":"https:\/\/api.w.org\/{rel}","templated":true}]}}