{"id":159,"date":"2024-09-18T17:28:31","date_gmt":"2024-09-18T16:28:31","guid":{"rendered":"https:\/\/dnpsykologi.dk\/?page_id=159"},"modified":"2025-09-09T15:42:41","modified_gmt":"2025-09-09T14:42:41","slug":"tidsbestilling-og-priser","status":"publish","type":"page","link":"https:\/\/dnpsykologi.dk\/?page_id=159","title":{"rendered":"Tidsbestilling og priser"},"content":{"rendered":"\n<p><strong>Kontakt<\/strong><br>Telefon: 93839402 <br>Telefontid ma &#8211; fre 8:00-9:00<br>Peter Bangs Vej 7A, 4<br>2000 Frederiksberg<\/p>\n\n\n\n<p><strong>Afbudsregler<\/strong><br>Afbud skal meldes senest 24 timer f\u00f8r den aftalte tid. Ved for sent afbud eller udeblivelse opkr\u00e6ves fuldt honorar.<br>Jeg tilbyder ogs\u00e5 on-line konsultation efter aftale.<\/p>\n\n\n\n<p><strong>Uden l\u00e6gehenvisning<\/strong><br>Individuel konsultation, 45 min. 1400 kr.<\/p>\n\n\n\n<p>Par-og familiesamtaler, 90 min. 2500 kr<\/p>\n\n\n\n<p>Udredning\/diagnostik, 120 min. 3000 kr<\/p>\n\n\n\n<p>Supervision, pris efter aftale.<\/p>\n\n\n\n<p>Undervisning, pris efter aftale.<\/p>\n\n\n\n<p><strong>Med L\u00e6gehenvisning<\/strong><br>Tilskud og egenbetaling reguleres l\u00f8bende af Regionerne.<br>Jeg har i perioder ventetid for opstart af nye klienter med l\u00e6gehenvisning.<br>L\u00e6gehenvisning m\u00e5 h\u00f8jst v\u00e6re 3 m\u00e5neder gammel ved tidsbestilling.<br>P\u00e5 sundhed.dk forefindes en oversigt over alle psykologer med ydernummer og deres ventetider.<\/p>\n\n\n\n<p><strong>L\u00e6gehenvisning med tilskud til psykologhj\u00e6lp kan gives s\u00e5fremt du opfylder et af disse kriterier:<\/strong><\/p>\n\n\n\n<p>R\u00f8veri-, volds- og voldt\u00e6gtsofre<br>Trafik- og ulykkesofre<br>P\u00e5r\u00f8rende til alvorligt psykisk syge personer<br>Personer ramt af en alvorligt invaliderende sygdom<br>P\u00e5r\u00f8rende til personer, der er ramt af en alvorligt invaliderende sygdom<br>P\u00e5r\u00f8rende ved d\u00f8dsfald<br>Personer, der har fors\u00f8gt selvmord<br>Kvinder, der f\u00e5r foretaget provokeret abort efter 12. graviditetsuge. Psykologhj\u00e6lp kan ydes forud for abortindgrebet, n\u00e5r anmodning om tilladelse til indgrebet er fremsendt til abortsamr\u00e5det<br>Personer, der inden det fyldte 18 \u00e5r, har v\u00e6ret ofre for incest eller andre seksuelle overgreb<br>Personer med let til moderat depression, og som er fyldt 18 \u00e5r p\u00e5 henvisningstidspunktet.<br>Personer, der lider af let til moderat angst, herunder let til moderat OCD og som p\u00e5 henvisningstidspunktet er fyldt 18 \u00e5r.<br>Unge mellem 18 og 24 \u00e5r kan modtage vederlagsfri (gratis) psykologhj\u00e6lp n\u00e5r de er henvist af l\u00e6gen med angst, OCD eller depression. Jeg har imidlertid ikke mulighed for at opstarte nye vederlagsfrie forl\u00f8b, hvilket skyldes et indtjeningsloft fastsat af Regionerne.<\/p>\n\n\n\n<p><strong>GDPR \/ persondataforordningen.<\/strong><br>Psykologer er forpligtiget ligesom l\u00e6ger i forhold til GDPR.<br>Persondataforordningen g\u00e6lder alle, som h\u00e5ndterer persondata, medf\u00f8rer sk\u00e6rpede krav omkring samtykke og indeholder ogs\u00e5 en regel om, at man har ret til at blive&nbsp;glemt i nogle tilf\u00e6lde.<\/p>\n\n\n\n<p><\/p>\n","protected":false},"excerpt":{"rendered":"<p>KontaktTelefon: 93839402 Telefontid ma &#8211; fre 8:00-9:00Peter Bangs Vej 7A, 42000 Frederiksberg AfbudsreglerAfbud skal meldes senest 24 timer f\u00f8r den aftalte tid. Ved for sent afbud eller udeblivelse opkr\u00e6ves fuldt honorar.Jeg tilbyder ogs\u00e5 on-line konsultation efter aftale. Uden l\u00e6gehenvisningIndividuel konsultation, 45 min. 1400 kr. Par-og familiesamtaler, 90 min. 2500 kr Udredning\/diagnostik, 120 min. 3000 kr &hellip; <\/p>\n<p class=\"link-more\"><a href=\"https:\/\/dnpsykologi.dk\/?page_id=159\" class=\"more-link\">L\u00e6s mere<span class=\"screen-reader-text\"> \u201cTidsbestilling og priser\u201d<\/span><\/a><\/p>\n","protected":false},"author":1,"featured_media":0,"parent":0,"menu_order":0,"comment_status":"closed","ping_status":"closed","template":"","meta":{"inspiro_hide_title":false,"footnotes":""},"class_list":["post-159","page","type-page","status-publish","hentry"],"_links":{"self":[{"href":"https:\/\/dnpsykologi.dk\/index.php?rest_route=\/wp\/v2\/pages\/159","targetHints":{"allow":["GET"]}}],"collection":[{"href":"https:\/\/dnpsykologi.dk\/index.php?rest_route=\/wp\/v2\/pages"}],"about":[{"href":"https:\/\/dnpsykologi.dk\/index.php?rest_route=\/wp\/v2\/types\/page"}],"author":[{"embeddable":true,"href":"https:\/\/dnpsykologi.dk\/index.php?rest_route=\/wp\/v2\/users\/1"}],"replies":[{"embeddable":true,"href":"https:\/\/dnpsykologi.dk\/index.php?rest_route=%2Fwp%2Fv2%2Fcomments&post=159"}],"version-history":[{"count":10,"href":"https:\/\/dnpsykologi.dk\/index.php?rest_route=\/wp\/v2\/pages\/159\/revisions"}],"predecessor-version":[{"id":208,"href":"https:\/\/dnpsykologi.dk\/index.php?rest_route=\/wp\/v2\/pages\/159\/revisions\/208"}],"wp:attachment":[{"href":"https:\/\/dnpsykologi.dk\/index.php?rest_route=%2Fwp%2Fv2%2Fmedia&parent=159"}],"curies":[{"name":"wp","href":"https:\/\/api.w.org\/{rel}","templated":true}]}}